{"id":2,"date":"2024-04-14T11:34:04","date_gmt":"2024-04-14T09:34:04","guid":{"rendered":"https:\/\/alpine-dgb.at\/?page_id=2"},"modified":"2024-07-13T06:35:14","modified_gmt":"2024-07-13T04:35:14","slug":"beispiel-seite","status":"publish","type":"page","link":"https:\/\/alpine-dgb.at\/?page_id=2","title":{"rendered":"Alpine Disc Golf Bach"},"content":{"rendered":"\n<p><\/p>\n\n\n\n<div class=\"wp-block-columns is-layout-flex wp-container-core-columns-is-layout-28f84493 wp-block-columns-is-layout-flex\">\n<div class=\"wp-block-column is-layout-flow wp-block-column-is-layout-flow\">\n<p>Mit der Sommersaison 2024 beginnt der offizielle Spielbetrieb am Alpine Disc Golf Parcours in Bach im Lechtal. Viele werde noch nicht wissen, was Disc Golf \u00fcberhaupt ist, deshalb eine kurze Einf\u00fchrung:<\/p>\n<\/div>\n\n\n\n<div class=\"wp-block-column is-layout-flow wp-block-column-is-layout-flow\">\n<p>Disc Golf wurde abgeleitet vom klassischen Golf, die Spielidee ist praktisch ident, nur wird statt mit Schl\u00e4ger und Ball mit Frisbee \u00e4hnlichen Disc Golf Scheiben versucht, mit m\u00f6glichst wenig W\u00fcrfen seine Scheibe in einen Fangkorb am Bahnende zu platzieren.<\/p>\n<\/div>\n\n\n\n<div class=\"wp-block-column is-layout-flow wp-block-column-is-layout-flow\">\n<p>Disc Golf ist \u00f6kologisch nachhaltig, die Natur bleibt gro\u00dfteils unber\u00fchrt und geht darum, sein Spiel dem gegebenen Gel\u00e4nde m\u00f6glichst geschickt anzupassen. Disc Golf ist gerade dabei, sich von einer Outdoor-Trendsportart zur Breitensportart zu transformieren. Im Leistungssportbereich ist Disc Golf bereits in den USA und den skandinavischen L\u00e4ndern im Profisegment angekommen.<\/p>\n<\/div>\n<\/div>\n\n\n\n<div class=\"wp-block-columns is-layout-flex wp-container-core-columns-is-layout-28f84493 wp-block-columns-is-layout-flex\">\n<div class=\"wp-block-column is-layout-flow wp-block-column-is-layout-flow\">\n<figure class=\"wp-block-image size-large\"><img loading=\"lazy\" decoding=\"async\" width=\"1024\" height=\"768\" src=\"https:\/\/alpine-dgb.at\/wp-content\/uploads\/2024\/05\/IMG_6187-1024x768.jpg\" alt=\"\" class=\"wp-image-57\" srcset=\"https:\/\/alpine-dgb.at\/wp-content\/uploads\/2024\/05\/IMG_6187-1024x768.jpg 1024w, https:\/\/alpine-dgb.at\/wp-content\/uploads\/2024\/05\/IMG_6187-300x225.jpg 300w, https:\/\/alpine-dgb.at\/wp-content\/uploads\/2024\/05\/IMG_6187-768x576.jpg 768w, https:\/\/alpine-dgb.at\/wp-content\/uploads\/2024\/05\/IMG_6187-1536x1152.jpg 1536w, https:\/\/alpine-dgb.at\/wp-content\/uploads\/2024\/05\/IMG_6187-2048x1536.jpg 2048w\" sizes=\"auto, (max-width: 1024px) 100vw, 1024px\" \/><\/figure>\n<\/div>\n\n\n\n<div class=\"wp-block-column is-layout-flow wp-block-column-is-layout-flow\">\n<p>Disc Golf ist f\u00fcr alle Altergruppen und Fitnesslevel geeignet und bietet sich besonders f\u00fcr <strong>Familien-, Betriebs- und Vereinsausfl\u00fcge<\/strong> an. Durch das alpine Gel\u00e4nde am DGB sollte gutes Schuwerk und eine gewisse Gel\u00e4ndetauglichkeit mitgebracht werden.<\/p>\n<\/div>\n<\/div>\n","protected":false},"excerpt":{"rendered":"<p>Mit der Sommersaison 2024 beginnt der offizielle Spielbetrieb am Alpine Disc Golf Parcours in Bach im Lechtal. Viele werde noch nicht wissen, was Disc Golf \u00fcberhaupt ist, deshalb eine kurze Einf\u00fchrung: Disc Golf wurde abgeleitet vom klassischen Golf, die Spielidee ist praktisch ident, nur wird statt mit Schl\u00e4ger und Ball mit Frisbee \u00e4hnlichen Disc Golf [&hellip;]<\/p>\n","protected":false},"author":1,"featured_media":49,"parent":0,"menu_order":0,"comment_status":"closed","ping_status":"open","template":"","meta":{"footnotes":""},"class_list":["post-2","page","type-page","status-publish","has-post-thumbnail","hentry"],"_links":{"self":[{"href":"https:\/\/alpine-dgb.at\/index.php?rest_route=\/wp\/v2\/pages\/2","targetHints":{"allow":["GET"]}}],"collection":[{"href":"https:\/\/alpine-dgb.at\/index.php?rest_route=\/wp\/v2\/pages"}],"about":[{"href":"https:\/\/alpine-dgb.at\/index.php?rest_route=\/wp\/v2\/types\/page"}],"author":[{"embeddable":true,"href":"https:\/\/alpine-dgb.at\/index.php?rest_route=\/wp\/v2\/users\/1"}],"replies":[{"embeddable":true,"href":"https:\/\/alpine-dgb.at\/index.php?rest_route=%2Fwp%2Fv2%2Fcomments&post=2"}],"version-history":[{"count":11,"href":"https:\/\/alpine-dgb.at\/index.php?rest_route=\/wp\/v2\/pages\/2\/revisions"}],"predecessor-version":[{"id":79,"href":"https:\/\/alpine-dgb.at\/index.php?rest_route=\/wp\/v2\/pages\/2\/revisions\/79"}],"wp:featuredmedia":[{"embeddable":true,"href":"https:\/\/alpine-dgb.at\/index.php?rest_route=\/wp\/v2\/media\/49"}],"wp:attachment":[{"href":"https:\/\/alpine-dgb.at\/index.php?rest_route=%2Fwp%2Fv2%2Fmedia&parent=2"}],"curies":[{"name":"wp","href":"https:\/\/api.w.org\/{rel}","templated":true}]}}